{"id":4188,"date":"2026-01-21T13:19:53","date_gmt":"2026-01-21T12:19:53","guid":{"rendered":"https:\/\/sabdesigner.com\/livre\/?page_id=4188"},"modified":"2026-01-21T14:36:22","modified_gmt":"2026-01-21T13:36:22","slug":"cgu","status":"publish","type":"page","link":"http:\/\/sabdesigner.com\/livre\/cgu\/","title":{"rendered":"CGU"},"content":{"rendered":"<div class=\"bm-builder clearfix \"><div id=\"\" class=\"module col-9 module-id-1768998137241 col-offset-1\" data-module-col=\"9\"><div class=\"module-inside text-inside\" style=\"--top-mod: 0px;--bottom-mod: 0px;--top-mod-t: 0px;--bottom-mod-t: 0px;--top-mod-m:0px;--bottom-mod-m:0px;\" ><div class=\"text_block_out\"  data-effect=\"standard\" style=\"\"><div class=\"text_block ux-mod-nobg\"><div class=\"text_block_inn\"><div id=\"text-1768998137241\" class=\"text_block_centered text_block_centered_enable_width\"  style=\"\"><p><!-- wp:heading {\"level\":3} --><\/p>\n<h3 class=\"wp-block-heading\" style=\"text-align: left;\">CGU<\/h3>\n<p><!-- \/wp:heading --><!-- wp:paragraph --><\/p>\n<p>T\u00e9l :&nbsp;06 63 56 18 45<!-- \/wp:paragraph --><!-- wp:paragraph --><\/p>\n<p>Email :&nbsp;<a href=\"mailto:compagnieafacettes@gmail.com\">contact@sabrinambre.fr<\/a><!-- \/wp:paragraph --><!-- wp:paragraph --><\/p>\n<p>Siret :&nbsp;<strong>529 621 732 000 47<\/strong><\/p>\n<p><!-- \/wp:paragraph --><!-- wp:heading {\"level\":3} --><\/p>\n<h4 class=\"wp-block-heading\">RESPONSABLE DE LA PUBLICATION DU SITE<\/h4>\n<p><!-- \/wp:heading --><!-- wp:paragraph --><\/p>\n<p><strong>Sabrina-Ambre BILLER<\/strong> | Artiste-Autrice, illustratrice et photographie | Nouvelle-Aquitaine, Landes<!-- \/wp:paragraph --><!-- wp:paragraph --><\/p>\n<p>Le site www.refragmenter.fr est actuellement h\u00e9berg\u00e9 par OVH.<\/p>\n<p><!-- \/wp:paragraph --><!-- wp:heading {\"level\":3} --><\/p>\n<h4 class=\"wp-block-heading\">CONCEPTION &amp; R\u00c9ALISATION DU SITE INTERNET<\/h4>\n<p><!-- \/wp:heading --><!-- wp:paragraph --><\/p>\n<p><a href=\"https:\/\/sabdesigner.com\/\">SabDesigner<\/a>&nbsp;Email :&nbsp;<a href=\"mailto:bonjour@sabdesigner.com\">bonjour@sabdesigner.com<\/a><\/p>\n<p><!-- \/wp:paragraph --><!-- wp:heading {\"level\":3} --><\/p>\n<h4 class=\"wp-block-heading\">TOUS DROITS R\u00c9SERV\u00c9S<\/h4>\n<p><!-- \/wp:heading --><!-- wp:paragraph --><\/p>\n<p>Les images, illustrations, textes et vid\u00e9os diffus\u00e9s sur ce site sont la propri\u00e9t\u00e9 exclusive de&nbsp;<em>Refragmenter<\/em>, et ne peuvent en aucun cas \u00eatre diffus\u00e9s, stock\u00e9s, enregistr\u00e9s, r\u00e9utilis\u00e9s, retransmis, modifi\u00e9s et plus g\u00e9n\u00e9ralement utilis\u00e9s \u00e0 d\u2019autres fins ou d\u2019une autre mani\u00e8re que celles express\u00e9ment mentionn\u00e9es aux pr\u00e9sentes, sans l\u2019autorisation \u00e9crite pr\u00e9alable de l\u2019\u00e9diteur du site. La loi incrimine au titre du d\u00e9lit de contrefa\u00e7on toute reproduction, repr\u00e9sentation ou diffusion, par quelque moyen que ce soit, d\u2019une \u0153uvre de l\u2019esprit en violation des droits de l\u2019auteur, tels qu\u2019ils sont d\u00e9finis et r\u00e9glement\u00e9s par la loi (CPI, art L.335-3).<\/p>\n<p><!-- \/wp:paragraph --><!-- wp:heading {\"level\":3} --><\/p>\n<h4 class=\"wp-block-heading\">LEXIQUE<\/h4>\n<p><!-- \/wp:heading --><!-- wp:paragraph --><\/p>\n<p>Utilisateur : Internaute se connectant, utilisant le site susnomm\u00e9. Informations personnelles : \u00ab les informations qui permettent, sous quelque forme que ce soit, directement ou non, l\u2019identification des personnes physiques auxquelles elles s\u2019appliquent \u00bb (article 4 de la loi n\u00b0 78-17 du 6 janvier 1978).<\/p>\n<p><!-- \/wp:paragraph --><\/p><\/div><\/div><\/div><\/div><\/div><\/div><\/div>","protected":false},"excerpt":{"rendered":"<p>CGU T\u00e9l :&nbsp;06 63 56 18 45 Email :&nbsp;contact@sabrinambre.fr Siret &hellip;<\/p>\n","protected":false},"author":1,"featured_media":0,"parent":0,"menu_order":0,"comment_status":"closed","ping_status":"closed","template":"templates\/wpmm-page-template.php","meta":{"_seopress_robots_primary_cat":"","_seopress_titles_title":"","_seopress_titles_desc":"","_seopress_robots_index":"","footnotes":""},"class_list":["post-4188","page","type-page","status-publish","hentry"],"_links":{"self":[{"href":"http:\/\/sabdesigner.com\/livre\/wp-json\/wp\/v2\/pages\/4188","targetHints":{"allow":["GET"]}}],"collection":[{"href":"http:\/\/sabdesigner.com\/livre\/wp-json\/wp\/v2\/pages"}],"about":[{"href":"http:\/\/sabdesigner.com\/livre\/wp-json\/wp\/v2\/types\/page"}],"author":[{"embeddable":true,"href":"http:\/\/sabdesigner.com\/livre\/wp-json\/wp\/v2\/users\/1"}],"replies":[{"embeddable":true,"href":"http:\/\/sabdesigner.com\/livre\/wp-json\/wp\/v2\/comments?post=4188"}],"version-history":[{"count":3,"href":"http:\/\/sabdesigner.com\/livre\/wp-json\/wp\/v2\/pages\/4188\/revisions"}],"predecessor-version":[{"id":4195,"href":"http:\/\/sabdesigner.com\/livre\/wp-json\/wp\/v2\/pages\/4188\/revisions\/4195"}],"wp:attachment":[{"href":"http:\/\/sabdesigner.com\/livre\/wp-json\/wp\/v2\/media?parent=4188"}],"curies":[{"name":"wp","href":"https:\/\/api.w.org\/{rel}","templated":true}]}}